{"id":1504,"date":"2021-07-26T21:16:42","date_gmt":"2021-07-26T14:16:42","guid":{"rendered":"https:\/\/tagung.id-germanistenverband.org\/2021\/?page_id=1504"},"modified":"2021-09-03T01:00:09","modified_gmt":"2021-09-02T18:00:09","slug":"anmeldung","status":"publish","type":"page","link":"https:\/\/tagung.id-germanistenverband.org\/2021\/anmeldung\/","title":{"rendered":"Anmelden"},"content":{"rendered":"<div class='marquee-hsas-shortcode-54' style='width: 100%;overflow: hidden;'><a style=\"text-decoration: none;\" href=\"https:\/\/tagung.id-germanistenverband.org\/2021\/publikation\/\" target=\"_self\"><span style=\"\">Liebe Kolleginnen und Kollegen! \r\nauf vielfachen Wunsch hat sich die Tagungsleitung der 5. iKoniG entschlossen, die Frist f\u00fcr die Einreichung von Beitr\u00e4gen zu verl\u00e4ngern. Nutzen Sie die M\u00f6glichkeit und reichen Sie Ihren Beitrag noch bis einschlie\u00dflich 26. Dezember 2021 ein!<\/span><\/a><\/div><script>jQuery(function(){jQuery('.marquee-hsas-shortcode-54').marquee({allowCss3Support: true,css3easing: 'linear',easing: 'linear',delayBeforeStart: 2000,direction: 'left',duplicated: true,duration: 10000,gap: 600,pauseOnCycle: true,pauseOnHover: true,startVisible: true});});<\/script>\n\n\n<div class=\"wpabstracts container\">\n\t<div id=\"loginbox\" style=\"margin-top:50px;\" class=\"mainbox col-md-6 col-md-offset-3 col-sm-8 col-sm-offset-2\">\n\t\t<div style=\"padding: 10px 0;\">\n\t\t\tBitte melden Sie sich f\u00fcr Ihre Konferenzteilnahme\t\t<\/div>\n\t\t<div class=\"wpabstracts panel panel-default\" >\n\t\t\t<div class=\"wpabstracts panel-heading\">\n\t\t\t\t<div class=\"wpabstracts panel-title\">\n\t\t\t\t\tAnmelden\t\t\t\t<\/div>\n\t\t\t\t<div style=\"float:right; font-size: 80%; position: relative; top:-18px\">Passwort vergessen <a href=https:\/\/tagung.id-germanistenverband.org\/2021\/wp-login.php?action=lostpassword>Zur\u00fccksetzen<\/a><\/div>\n\t\t\t<\/div>\n\n\t\t\t<div style=\"padding-top:30px\" class=\"wpabstracts panel-body\" >\n\n\t\t\t\t<div style=\"display:none\" id=\"wpabstracts-alert\" class=\"wpabstracts alert alert-danger col-sm-12\"><\/div>\n\n\t\t\t\t<form id=\"loginform\" class=\"wpabstracts form-horizontal\" role=\"form\">\n\n\t\t\t\t\t<div style=\"margin-bottom: 25px\" class=\"wpabstracts input-group\">\n\t\t\t\t\t\t<span class=\"input-group-addon\"><i class=\"glyphicon glyphicon-user\"><\/i><\/span>\n\t\t\t\t\t\t<input id=\"wpabstracts-username\" type=\"text\" class=\"wpabstracts form-control\" name=\"username\" value=\"\" placeholder=\"username or email\">\n\t\t\t\t\t<\/div>\n\n\t\t\t\t\t<div style=\"margin-bottom: 25px\" class=\"wpabstracts input-group\">\n\t\t\t\t\t\t<span class=\"input-group-addon\"><i class=\"glyphicon glyphicon-lock\"><\/i><\/span>\n\t\t\t\t\t\t<input id=\"wpabstracts-password\" type=\"password\" class=\"wpabstracts form-control\" name=\"password\" placeholder=\"password\">\n\t\t\t\t\t<\/div>\n\n\t\t\t\t\t\t\t\t\t\t\t<div class=\"wpabstracts input-group\">\n\t\t\t\t\t\t\t\t\t\t\t\t\t\t\t\t\t\t<input type=\"hidden\" id=\"captcha_hash\" name=\"captcha_hash\" value=\"7f314bab864b5670f2a3ae19d6f0ff3e\" \/>\n\t\t\t<label for=\"captcha_input\" class=\"wpabstracts control-label\">Sicherheitscode (erforderlich)<\/label>\n\t\t\t<div class=\"row\">\n\t\t\t\t<div class=\"col-xs-8\">\n\t\t\t\t\t<div class=\"wpabstracts input-group\">\n\t\t\t\t\t\t<span class=\"input-group-addon\"><i class=\"fas fa-shield-alt\"><\/i><\/span>\n\t\t\t\t\t\t<input class=\"wpabstracts form-control\" type=\"text\" id=\"captcha_input\" name=\"captcha_input\" required>\n\t\t\t\t\t<\/div>\n\t\t\t\t<\/div>\n\t\t\t\t<div class=\"col-xs-4\">\n\t\t\t\t\t<img decoding=\"async\" src=\"data:image\/png;base64,iVBORw0KGgoAAAANSUhEUgAAAFAAAAAeCAIAAAA0IQ7mAAAACXBIWXMAAA7EAAAOxAGVKw4bAAAERklEQVRYhe2YXyh7bxzHz3cmf0JRs1EMOSmSemYiTaetlaZcjPJvtkVSUormQuRKckqi1pobpcnFahI3y1pphERJJsw4FNNZy8W22Dl2fher5et7dsxv+\/r+fr5eV+d5+pz353k\/z\/k85znnB0VR0N8E608P4LP5NvxfBcOwubm52HX+H4YdDkd7e7vVao1dih27BARBwWCQIIikpKS4qL3B6\/WOjo7m5+fn5ubGrhbrCrvd7qGhoaamJqlU2tjYuLy8HPuY3jA+Pq5QKFgsVnFxcexqsRoeGRnh8\/krKytmsxmG4dvbW+b4YDD4unlzc3N2dsYQv7CwkJWVJZPJnE4nDMMxjhaCIIiKgZeXFwCAXq8PNQmC8Pl8kSJNJpNMJtNoNOHgqamp+vp6sVgcSX9vb6+zszMQCFxfXwMAnE5nLKMNQV\/DBEEkJiaGm\/f39z6f79cnisVilZeX6\/X6u7u73t7enJwcNpte0OVy5eXl8Xg8q9WK4ziHw2Gz2cPDw9nZ2TabjfYWHMcnJye1Wm1iYqLD4WCz2Xw+\/1+t6c+8mQCLxdLR0SEWi\/1+f2gdZmZmxGKxSCSinTCXy9XV1QUAqKqqmpiYiLTCIXZ3dwEAi4uL4Z6+vj6j0fhrJEEQarXaZrOFmjqdrrW19UMrGYmfDBMEYbfbDQYDAMBisYT7dTqdWq1mUNna2uro6AAAqFQq5nxSqTQcg+M4giChmX2DXq8XCAQSiaShoUEulyMIgiDI2NhYdKaYoKlhn88nFApRFA33qFQqk8lEe\/\/T01P4GkVRAMDl5SVDvomJCYFAgOM4RVHz8\/Ozs7ORIv1+v8fjcblcGIZJJBIURT0ez7t+3oVml05NTYVh+OjoKNS8urq6u7uTyWS0FaHRaMLXzc3NEASlp6czVFBNTQ1FUTabjSTJ1dXVtra2SJEpKSmZmZlcLpfL5T4+PtbU1GRmZkZTpMzQv5YqKiouLi4IgoAgyGAwKBQK2kMFSZLb29tardbr9ZIkaTQa6+rqOBwOQz6hUJiQkLCzs7OxsVFZWckcHALDMIqiCgoKojL0HvSGy8vLSZI8PT11u917e3stLS20YWw2e2Bg4PDwUC6XKxSKjIwMFEWZ86WlpZWWlu7v7y8tLSmVSuZgDMOmp6cHBwchCDIajV6vNwpH70D\/FikrK4MgyG63r6+vd3d3M5wZlUrlu+N+AwDg+Pi4oqKiqKiIOZLH47W3t8vl8kAg8Pz8nJCQ8KFE9EQqbpFI1NPT09ra+vLyEvtW8ZrNzU0AwMnJSXxloyTix0NJScnBwYFOp2Ox4vxFBcMwgiClpaXxlY2SiIZra2urq6urqqrinnJtba2\/vz\/uslES0bBarf4d+c7Pz5OTkwsLC3+HeDR80g+Ah4cHCIIcDofZbP7oJhdnPmGfMBgMAoFApVK9PkX\/KX5Q379pvzbfhr8634a\/On+d4X8A6ZsRdfU8R+EAAAAASUVORK5CYII=\" alt=\"captcha\" \/>\n\t\t\t\t<\/div>\n\t\t\t<\/div>\n\t\t\t\t\t\t\t\t\t\t\t\t\t\t\t<\/div>\n\t\t\t\t\t\n\t\t\t\t\t<div style=\"margin-top:10px\" class=\"wpabstracts form-group\">\n\t\t\t\t\t\t<div class=\"col-sm-12 controls\">\n\t\t\t\t\t\t\t<button id=\"wpabstracts-login\" class=\"btn btn-info btn-block\">Einloggen <i class=\"fa fa-spinner fa-spin isloading\"><\/i><\/button>\n\t\t\t\t\t\t<\/div>\n\t\t\t\t\t<\/div>\n\n\t\t\t\t\t<div class=\"wpabstracts form-group\">\n\t\t\t\t\t\t<div class=\"wpabstracts col-xs-12\">\n\t\t\t\t\t\t\t<input type=\"checkbox\" id=\"wpabstracts-remember\" value=\"forever\"> Anmeldung speichern\t\t\t\t\t\t<\/div>\n\t\t\t\t\t<\/div>\n\n\t\t\t\t\t<div class=\"form-group\">\n\t\t\t\t\t\t<div class=\"col-md-12 control\">\n\t\t\t\t\t\t\t<div style=\"border-top: 1px solid #ccc; padding-top:15px; font-size:14px\">\n\t\t\t\t\t\t\t\t\t\t\t\t\t\t\t<\/div>\n\t\t\t\t\t\t<\/div>\n\t\t\t\t\t<\/div>\n\t\t\t\t<\/form>\n\t\t\t<\/div>\n\t\t<\/div>\n\t<\/div>\n<\/div>\n<script type=\"text\/javascript\">\n\njQuery( document ).ready(function() {\n    var rememberme = localStorage.getItem('wpa_remember');\n\tif(rememberme){\n\t\tvar rem = JSON.parse(rememberme);\n\t\tjQuery('#wpabstracts-remember').attr('checked', rem.remember);\n\t\tif(rem.remember){\n\t\t\tjQuery('#wpabstracts-username').val(rem.username);\n\t\t}\n\t}\n\n\tvar manageLoader = function(show){\n\t\tif(show){\n\t\t\tjQuery('#wpabstracts-login i').removeClass('isloading');\n\t\t}else {\n\t\t\tjQuery('#wpabstracts-login i').addClass('isloading');\n\t\t}\n\t};\n\n\tjQuery('#wpabstracts-login').on('click', function(e){\n\t\te.preventDefault();\n\t\tvar username = jQuery('#wpabstracts-username').val();\n\t\tvar password = jQuery('#wpabstracts-password').val();\n\t\tvar captcha = jQuery('#captcha_input').val();\n\t\tvar hash = jQuery('#captcha_hash').val();\n\t\tvar remember = jQuery('#wpabstracts-remember').is(':checked');\n\n\t\tif(!username || !password){\n\t\t\tjQuery('#wpabstracts-alert').text(wpabstracts.sign_in_msg).show();\n\t\t\treturn;\n\t\t}\n\n\t\tif(hash && !captcha) {\n\t\t\tjQuery('#wpabstracts-alert').text(wpabstracts.captcha_required).show();\n\t\t\treturn;\n\t\t}\n\n\t\tvar rememberMe = {'remember':remember, 'username':username};\n\t\tlocalStorage.setItem('wpa_remember', JSON.stringify(rememberMe));\n\n\t\tmanageLoader(true);\n\n\t\tvar ajax_data = {\n\t\t\taction: 'wpa_login',\n\t\t\tlog: username,\n\t\t\tpwd: password,\n\t\t\tcaptcha_input: captcha,\n\t\t\tcaptcha_hash: hash,\n\t\t\trememberme: remember\n\t\t};\n\n\t\tjQuery.ajax({\n\t\t\turl: wpabstracts.ajaxurl,\n\t\t\ttype: 'POST',\n\t\t\tdata: ajax_data,\n\t\t\tsuccess: function(data){\n\t\t\t\tvar response = JSON.parse(data);\n\t\t\t\tif(response.success){\n\t\t\t\t\tjQuery('#wpabstracts-alert')\n\t\t\t\t\t.removeClass('alert-danger')\n\t\t\t\t\t.addClass('alert-info')\n\t\t\t\t\t.text(response.message)\n\t\t\t\t\t.show();\n\t\t\t\t\twindow.location.href = response.redirect;\n\t\t\t\t}else{\n\t\t\t\t\tjQuery('#wpabstracts-alert').text(response.message).show();\n\t\t\t\t\tmanageLoader(false);\n\t\t\t\t}\n\t\t\t},\n\t\t\terror: function (xhr, status) {\n\t\t\t\tmanageLoader(false);\n\t\t\t\tconsole.log('Login Ajax Error: ', xhr);\n\t\t\t}\n\t\t});\n\t});\n});\n\n<\/script>\n\n\n\n\n<p><\/p>\n","protected":false},"excerpt":{"rendered":"Liebe Kolleginnen und Kollegen! auf vielfachen Wunsch hat sich die Tagungsleitung der 5. iKoniG entschlossen, die Frist f\u00fcr die Einreichung von Beitr\u00e4gen zu verl\u00e4ngern. Nutzen Sie die M\u00f6glichkeit und reichen Sie Ihren Beitrag noch bis einschlie\u00dflich 26. Dezember 2021 ein!","protected":false},"author":1,"featured_media":0,"parent":0,"menu_order":0,"comment_status":"closed","ping_status":"closed","template":"","meta":{"footnotes":""},"class_list":["post-1504","page","type-page","status-publish","hentry"],"_links":{"self":[{"href":"https:\/\/tagung.id-germanistenverband.org\/2021\/wp-json\/wp\/v2\/pages\/1504","targetHints":{"allow":["GET"]}}],"collection":[{"href":"https:\/\/tagung.id-germanistenverband.org\/2021\/wp-json\/wp\/v2\/pages"}],"about":[{"href":"https:\/\/tagung.id-germanistenverband.org\/2021\/wp-json\/wp\/v2\/types\/page"}],"author":[{"embeddable":true,"href":"https:\/\/tagung.id-germanistenverband.org\/2021\/wp-json\/wp\/v2\/users\/1"}],"replies":[{"embeddable":true,"href":"https:\/\/tagung.id-germanistenverband.org\/2021\/wp-json\/wp\/v2\/comments?post=1504"}],"version-history":[{"count":12,"href":"https:\/\/tagung.id-germanistenverband.org\/2021\/wp-json\/wp\/v2\/pages\/1504\/revisions"}],"predecessor-version":[{"id":2025,"href":"https:\/\/tagung.id-germanistenverband.org\/2021\/wp-json\/wp\/v2\/pages\/1504\/revisions\/2025"}],"wp:attachment":[{"href":"https:\/\/tagung.id-germanistenverband.org\/2021\/wp-json\/wp\/v2\/media?parent=1504"}],"curies":[{"name":"wp","href":"https:\/\/api.w.org\/{rel}","templated":true}]}}